{"id":8110,"date":"2025-03-28T14:46:07","date_gmt":"2025-03-28T11:46:07","guid":{"rendered":"https:\/\/www.royalbursa.com\/fr\/?page_id=8110"},"modified":"2025-04-15T16:55:20","modified_gmt":"2025-04-15T13:55:20","slug":"piscine-thermale","status":"publish","type":"page","link":"https:\/\/www.royalbursa.com\/fr\/piscine-thermale\/","title":{"rendered":"Piscine thermale"},"content":{"rendered":"\t\t<div data-elementor-type=\"wp-page\" data-elementor-id=\"8110\" class=\"elementor elementor-8110\">\r\n\t\t\t\t\t\t<section class=\"elementor-section elementor-top-section elementor-element elementor-element-5d743d86 elementor-section-stretched elementor-section-content-middle elementor-section-boxed elementor-section-height-default elementor-section-height-default\" data-id=\"5d743d86\" data-element_type=\"section\" data-settings=\"{&quot;stretch_section&quot;:&quot;section-stretched&quot;,&quot;background_background&quot;:&quot;classic&quot;}\">\r\n\t\t\t\t\t\t\t<div class=\"elementor-background-overlay\"><\/div>\r\n\t\t\t\t\t\t\t<div class=\"elementor-container elementor-column-gap-default\">\r\n\t\t\t\t\t<div class=\"elementor-column elementor-col-100 elementor-top-column elementor-element elementor-element-3f6ef4c9\" data-id=\"3f6ef4c9\" data-element_type=\"column\">\r\n\t\t\t<div class=\"elementor-widget-wrap elementor-element-populated\">\r\n\t\t\t\t\t\t<div class=\"elementor-element elementor-element-f7da3d2 elementor-widget elementor-widget-heading\" data-id=\"f7da3d2\" data-element_type=\"widget\" data-widget_type=\"heading.default\">\r\n\t\t\t\t<div class=\"elementor-widget-container\">\r\n\t\t\t\t\t<h1 class=\"elementor-heading-title elementor-size-default\">Piscine thermale<\/h1>\t\t\t\t<\/div>\r\n\t\t\t\t<\/div>\r\n\t\t\t\t\t<\/div>\r\n\t\t<\/div>\r\n\t\t\t\t\t<\/div>\r\n\t\t<\/section>\r\n\t\t\t\t<section class=\"elementor-section elementor-top-section elementor-element elementor-element-1f0f9da7 elementor-section-full_width elementor-section-height-default elementor-section-height-default\" data-id=\"1f0f9da7\" data-element_type=\"section\">\r\n\t\t\t\t\t\t<div class=\"elementor-container elementor-column-gap-default\">\r\n\t\t\t\t\t<div class=\"elementor-column elementor-col-25 elementor-top-column elementor-element elementor-element-5183528\" data-id=\"5183528\" data-element_type=\"column\">\r\n\t\t\t<div class=\"elementor-widget-wrap elementor-element-populated\">\r\n\t\t\t\t\t\t<div class=\"elementor-element elementor-element-4c32f173 elementor-position-left elementor-vertical-align-middle elementor-widget elementor-widget-image-box\" data-id=\"4c32f173\" data-element_type=\"widget\" data-widget_type=\"image-box.default\">\r\n\t\t\t\t<div class=\"elementor-widget-container\">\r\n\t\t\t\t\t<div class=\"elementor-image-box-wrapper\"><figure class=\"elementor-image-box-img\"><img fetchpriority=\"high\" decoding=\"async\" width=\"512\" height=\"512\" src=\"https:\/\/www.royalbursa.com\/fr\/wp-content\/uploads\/2025\/03\/swimming-pool.png\" class=\"attachment-full size-full wp-image-8183\" alt=\"\" srcset=\"https:\/\/www.royalbursa.com\/fr\/wp-content\/uploads\/2025\/03\/swimming-pool.png 512w, https:\/\/www.royalbursa.com\/fr\/wp-content\/uploads\/2025\/03\/swimming-pool-300x300.png 300w, https:\/\/www.royalbursa.com\/fr\/wp-content\/uploads\/2025\/03\/swimming-pool-150x150.png 150w, https:\/\/www.royalbursa.com\/fr\/wp-content\/uploads\/2025\/03\/swimming-pool-100x100.png 100w\" sizes=\"(max-width: 512px) 100vw, 512px\" \/><\/figure><div class=\"elementor-image-box-content\"><h4 class=\"elementor-image-box-title\">Gu\u00e9rison<\/h4><\/div><\/div>\t\t\t\t<\/div>\r\n\t\t\t\t<\/div>\r\n\t\t\t\t\t<\/div>\r\n\t\t<\/div>\r\n\t\t\t\t<div class=\"elementor-column elementor-col-25 elementor-top-column elementor-element elementor-element-668be740\" data-id=\"668be740\" data-element_type=\"column\">\r\n\t\t\t<div class=\"elementor-widget-wrap elementor-element-populated\">\r\n\t\t\t\t\t\t<div class=\"elementor-element elementor-element-838beab elementor-position-left elementor-vertical-align-middle elementor-widget elementor-widget-image-box\" data-id=\"838beab\" data-element_type=\"widget\" data-widget_type=\"image-box.default\">\r\n\t\t\t\t<div class=\"elementor-widget-container\">\r\n\t\t\t\t\t<div class=\"elementor-image-box-wrapper\"><figure class=\"elementor-image-box-img\"><img decoding=\"async\" width=\"512\" height=\"512\" src=\"https:\/\/www.royalbursa.com\/fr\/wp-content\/uploads\/2025\/03\/net.png\" class=\"attachment-full size-full wp-image-8184\" alt=\"\" srcset=\"https:\/\/www.royalbursa.com\/fr\/wp-content\/uploads\/2025\/03\/net.png 512w, https:\/\/www.royalbursa.com\/fr\/wp-content\/uploads\/2025\/03\/net-300x300.png 300w, https:\/\/www.royalbursa.com\/fr\/wp-content\/uploads\/2025\/03\/net-150x150.png 150w, https:\/\/www.royalbursa.com\/fr\/wp-content\/uploads\/2025\/03\/net-100x100.png 100w\" sizes=\"(max-width: 512px) 100vw, 512px\" \/><\/figure><div class=\"elementor-image-box-content\"><h4 class=\"elementor-image-box-title\">Pr\u00e9par\u00e9<\/h4><\/div><\/div>\t\t\t\t<\/div>\r\n\t\t\t\t<\/div>\r\n\t\t\t\t\t<\/div>\r\n\t\t<\/div>\r\n\t\t\t\t<div class=\"elementor-column elementor-col-25 elementor-top-column elementor-element elementor-element-7712897b\" data-id=\"7712897b\" data-element_type=\"column\">\r\n\t\t\t<div class=\"elementor-widget-wrap elementor-element-populated\">\r\n\t\t\t\t\t\t<div class=\"elementor-element elementor-element-03bb557 elementor-position-left elementor-vertical-align-middle elementor-widget elementor-widget-image-box\" data-id=\"03bb557\" data-element_type=\"widget\" data-widget_type=\"image-box.default\">\r\n\t\t\t\t<div class=\"elementor-widget-container\">\r\n\t\t\t\t\t<div class=\"elementor-image-box-wrapper\"><figure class=\"elementor-image-box-img\"><img decoding=\"async\" width=\"512\" height=\"512\" src=\"https:\/\/www.royalbursa.com\/fr\/wp-content\/uploads\/2025\/03\/swimming.png\" class=\"attachment-full size-full wp-image-8182\" alt=\"\" srcset=\"https:\/\/www.royalbursa.com\/fr\/wp-content\/uploads\/2025\/03\/swimming.png 512w, https:\/\/www.royalbursa.com\/fr\/wp-content\/uploads\/2025\/03\/swimming-300x300.png 300w, https:\/\/www.royalbursa.com\/fr\/wp-content\/uploads\/2025\/03\/swimming-150x150.png 150w, https:\/\/www.royalbursa.com\/fr\/wp-content\/uploads\/2025\/03\/swimming-100x100.png 100w\" sizes=\"(max-width: 512px) 100vw, 512px\" \/><\/figure><div class=\"elementor-image-box-content\"><h4 class=\"elementor-image-box-title\">Unique<\/h4><\/div><\/div>\t\t\t\t<\/div>\r\n\t\t\t\t<\/div>\r\n\t\t\t\t\t<\/div>\r\n\t\t<\/div>\r\n\t\t\t\t<div class=\"elementor-column elementor-col-25 elementor-top-column elementor-element elementor-element-4e087edb\" data-id=\"4e087edb\" data-element_type=\"column\">\r\n\t\t\t<div class=\"elementor-widget-wrap elementor-element-populated\">\r\n\t\t\t\t\t\t<div class=\"elementor-element elementor-element-32c5313 elementor-position-left elementor-vertical-align-middle elementor-widget elementor-widget-image-box\" data-id=\"32c5313\" data-element_type=\"widget\" data-widget_type=\"image-box.default\">\r\n\t\t\t\t<div class=\"elementor-widget-container\">\r\n\t\t\t\t\t<div class=\"elementor-image-box-wrapper\"><figure class=\"elementor-image-box-img\"><img loading=\"lazy\" decoding=\"async\" width=\"512\" height=\"512\" src=\"https:\/\/www.royalbursa.com\/fr\/wp-content\/uploads\/2025\/03\/water.png\" class=\"attachment-full size-full wp-image-8185\" alt=\"\" srcset=\"https:\/\/www.royalbursa.com\/fr\/wp-content\/uploads\/2025\/03\/water.png 512w, https:\/\/www.royalbursa.com\/fr\/wp-content\/uploads\/2025\/03\/water-300x300.png 300w, https:\/\/www.royalbursa.com\/fr\/wp-content\/uploads\/2025\/03\/water-150x150.png 150w, https:\/\/www.royalbursa.com\/fr\/wp-content\/uploads\/2025\/03\/water-100x100.png 100w\" sizes=\"(max-width: 512px) 100vw, 512px\" \/><\/figure><div class=\"elementor-image-box-content\"><h4 class=\"elementor-image-box-title\">Plaisir<\/h4><\/div><\/div>\t\t\t\t<\/div>\r\n\t\t\t\t<\/div>\r\n\t\t\t\t\t<\/div>\r\n\t\t<\/div>\r\n\t\t\t\t\t<\/div>\r\n\t\t<\/section>\r\n\t\t\t\t<section class=\"elementor-section elementor-top-section elementor-element elementor-element-1cdeaeed elementor-section-stretched elementor-section-boxed elementor-section-height-default elementor-section-height-default\" data-id=\"1cdeaeed\" data-element_type=\"section\" data-settings=\"{&quot;stretch_section&quot;:&quot;section-stretched&quot;,&quot;background_background&quot;:&quot;classic&quot;}\">\r\n\t\t\t\t\t\t\t<div class=\"elementor-background-overlay\"><\/div>\r\n\t\t\t\t\t\t\t<div class=\"elementor-container elementor-column-gap-default\">\r\n\t\t\t\t\t<div class=\"elementor-column elementor-col-50 elementor-top-column elementor-element elementor-element-49d154e7\" data-id=\"49d154e7\" data-element_type=\"column\">\r\n\t\t\t<div class=\"elementor-widget-wrap\">\r\n\t\t\t\t\t\t\t<\/div>\r\n\t\t<\/div>\r\n\t\t\t\t<div class=\"elementor-column elementor-col-50 elementor-top-column elementor-element elementor-element-6294bf18\" data-id=\"6294bf18\" data-element_type=\"column\">\r\n\t\t\t<div class=\"elementor-widget-wrap elementor-element-populated\">\r\n\t\t\t\t\t\t<div class=\"elementor-element elementor-element-6b8202df elementor-widget elementor-widget-heading\" data-id=\"6b8202df\" data-element_type=\"widget\" data-widget_type=\"heading.default\">\r\n\t\t\t\t<div class=\"elementor-widget-container\">\r\n\t\t\t\t\t<h1 class=\"elementor-heading-title elementor-size-default\">Effet curatif de la piscine<\/h1>\t\t\t\t<\/div>\r\n\t\t\t\t<\/div>\r\n\t\t\t\t<div class=\"elementor-element elementor-element-258cee1a elementor-widget elementor-widget-heading\" data-id=\"258cee1a\" data-element_type=\"widget\" data-widget_type=\"heading.default\">\r\n\t\t\t\t<div class=\"elementor-widget-container\">\r\n\t\t\t\t\t<p class=\"elementor-heading-title elementor-size-default\">Notre piscine thermale d\u00e9tend votre corps et repose votre \u00e2me gr\u00e2ce \u00e0 l'effet curatif de la nature. Vous pouvez \u00e9vacuer votre stress gr\u00e2ce au pouvoir calmant des eaux chaudes et vous sentir frais et dispos.<\/p>\t\t\t\t<\/div>\r\n\t\t\t\t<\/div>\r\n\t\t\t\t\t<\/div>\r\n\t\t<\/div>\r\n\t\t\t\t\t<\/div>\r\n\t\t<\/section>\r\n\t\t\t\t<section class=\"elementor-section elementor-top-section elementor-element elementor-element-1e60752 elementor-section-content-middle elementor-reverse-tablet elementor-reverse-mobile elementor-section-stretched elementor-section-boxed elementor-section-height-default elementor-section-height-default\" data-id=\"1e60752\" data-element_type=\"section\" data-settings=\"{&quot;stretch_section&quot;:&quot;section-stretched&quot;,&quot;background_background&quot;:&quot;classic&quot;}\">\r\n\t\t\t\t\t\t<div class=\"elementor-container elementor-column-gap-default\">\r\n\t\t\t\t\t<div class=\"elementor-column elementor-col-50 elementor-top-column elementor-element elementor-element-4c7ff792\" data-id=\"4c7ff792\" data-element_type=\"column\">\r\n\t\t\t<div class=\"elementor-widget-wrap elementor-element-populated\">\r\n\t\t\t\t\t\t<div class=\"elementor-element elementor-element-e5464cc elementor-widget elementor-widget-heading\" data-id=\"e5464cc\" data-element_type=\"widget\" data-widget_type=\"heading.default\">\r\n\t\t\t\t<div class=\"elementor-widget-container\">\r\n\t\t\t\t\t<h3 class=\"elementor-heading-title elementor-size-default\">THERMIQUE\n<\/h3>\t\t\t\t<\/div>\r\n\t\t\t\t<\/div>\r\n\t\t\t\t<div class=\"elementor-element elementor-element-58d7a9a4 elementor-widget elementor-widget-heading\" data-id=\"58d7a9a4\" data-element_type=\"widget\" data-widget_type=\"heading.default\">\r\n\t\t\t\t<div class=\"elementor-widget-container\">\r\n\t\t\t\t\t<h1 class=\"elementor-heading-title elementor-size-default\">Piscine thermale et spa\n<\/h1>\t\t\t\t<\/div>\r\n\t\t\t\t<\/div>\r\n\t\t\t\t<div class=\"elementor-element elementor-element-69920cd7 elementor-widget elementor-widget-heading\" data-id=\"69920cd7\" data-element_type=\"widget\" data-widget_type=\"heading.default\">\r\n\t\t\t\t<div class=\"elementor-widget-container\">\r\n\t\t\t\t\t<p class=\"elementor-heading-title elementor-size-default\">La piscine thermale de l'h\u00f4tel est remplie d'eaux thermales curatives aliment\u00e9es par les sources naturelles de Bursa. Ces eaux riches en min\u00e9raux favorisent la r\u00e9g\u00e9n\u00e9ration de la peau et aident \u00e0 soulager les douleurs musculaires et articulaires. Le centre de spa propose un bain turc traditionnel, des massages et des services de spa personnalis\u00e9s.<\/p>\t\t\t\t<\/div>\r\n\t\t\t\t<\/div>\r\n\t\t\t\t<div class=\"elementor-element elementor-element-1ef8a70b elementor-align-left elementor-widget elementor-widget-button\" data-id=\"1ef8a70b\" data-element_type=\"widget\" data-widget_type=\"button.default\">\r\n\t\t\t\t<div class=\"elementor-widget-container\">\r\n\t\t\t\t\t\t\t\t\t<div class=\"elementor-button-wrapper\">\r\n\t\t\t\t\t<a class=\"elementor-button elementor-button-link elementor-size-sm elementor-animation-shrink\" href=\"https:\/\/www.royalbursa.com\/fr\/contact\/\">\r\n\t\t\t\t\t\t<span class=\"elementor-button-content-wrapper\">\r\n\t\t\t\t\t\t\t\t\t<span class=\"elementor-button-text\">Nous contacter<\/span>\r\n\t\t\t\t\t<\/span>\r\n\t\t\t\t\t<\/a>\r\n\t\t\t\t<\/div>\r\n\t\t\t\t\t\t\t\t<\/div>\r\n\t\t\t\t<\/div>\r\n\t\t\t\t\t<\/div>\r\n\t\t<\/div>\r\n\t\t\t\t<div class=\"elementor-column elementor-col-50 elementor-top-column elementor-element elementor-element-617f71d\" data-id=\"617f71d\" data-element_type=\"column\">\r\n\t\t\t<div class=\"elementor-widget-wrap elementor-element-populated\">\r\n\t\t\t\t\t\t<div class=\"elementor-element elementor-element-5bf2343 elementor-widget elementor-widget-image\" data-id=\"5bf2343\" data-element_type=\"widget\" data-widget_type=\"image.default\">\r\n\t\t\t\t<div class=\"elementor-widget-container\">\r\n\t\t\t\t\t\t\t\t\t\t\t\t\t\t\t<img loading=\"lazy\" decoding=\"async\" width=\"750\" height=\"500\" src=\"https:\/\/www.royalbursa.com\/fr\/wp-content\/uploads\/2025\/03\/neden-biz-gorsel-06-min.png\" class=\"attachment-large size-large wp-image-8053\" alt=\"\" srcset=\"https:\/\/www.royalbursa.com\/fr\/wp-content\/uploads\/2025\/03\/neden-biz-gorsel-06-min.png 750w, https:\/\/www.royalbursa.com\/fr\/wp-content\/uploads\/2025\/03\/neden-biz-gorsel-06-min-300x200.png 300w, https:\/\/www.royalbursa.com\/fr\/wp-content\/uploads\/2025\/03\/neden-biz-gorsel-06-min-600x400.png 600w\" sizes=\"(max-width: 750px) 100vw, 750px\" \/>\t\t\t\t\t\t\t\t\t\t\t\t\t\t\t<\/div>\r\n\t\t\t\t<\/div>\r\n\t\t\t\t\t<\/div>\r\n\t\t<\/div>\r\n\t\t\t\t\t<\/div>\r\n\t\t<\/section>\r\n\t\t\t\t<section class=\"elementor-section elementor-top-section elementor-element elementor-element-25127a70 elementor-section-stretched elementor-section-boxed elementor-section-height-default elementor-section-height-default\" data-id=\"25127a70\" data-element_type=\"section\" data-settings=\"{&quot;background_background&quot;:&quot;classic&quot;,&quot;stretch_section&quot;:&quot;section-stretched&quot;}\">\r\n\t\t\t\t\t\t<div class=\"elementor-container elementor-column-gap-default\">\r\n\t\t\t\t\t<div class=\"elementor-column elementor-col-50 elementor-top-column elementor-element elementor-element-5b08519d\" data-id=\"5b08519d\" data-element_type=\"column\" data-settings=\"{&quot;background_background&quot;:&quot;classic&quot;,&quot;animation&quot;:&quot;none&quot;}\">\r\n\t\t\t<div class=\"elementor-widget-wrap elementor-element-populated\">\r\n\t\t\t\t\t\t<div class=\"elementor-element elementor-element-e108d28 elementor-position-left elementor-vertical-align-top elementor-widget elementor-widget-image-box\" data-id=\"e108d28\" data-element_type=\"widget\" data-widget_type=\"image-box.default\">\r\n\t\t\t\t<div class=\"elementor-widget-container\">\r\n\t\t\t\t\t<div class=\"elementor-image-box-wrapper\"><figure class=\"elementor-image-box-img\"><img loading=\"lazy\" decoding=\"async\" width=\"750\" height=\"500\" src=\"https:\/\/www.royalbursa.com\/fr\/wp-content\/uploads\/2025\/03\/neden-biz-gorsel-06-min.png\" class=\"attachment-full size-full wp-image-8053\" alt=\"\" srcset=\"https:\/\/www.royalbursa.com\/fr\/wp-content\/uploads\/2025\/03\/neden-biz-gorsel-06-min.png 750w, https:\/\/www.royalbursa.com\/fr\/wp-content\/uploads\/2025\/03\/neden-biz-gorsel-06-min-300x200.png 300w, https:\/\/www.royalbursa.com\/fr\/wp-content\/uploads\/2025\/03\/neden-biz-gorsel-06-min-600x400.png 600w\" sizes=\"(max-width: 750px) 100vw, 750px\" \/><\/figure><div class=\"elementor-image-box-content\"><h3 class=\"elementor-image-box-title\">Les eaux relaxantes<\/h3><p class=\"elementor-image-box-description\">Les eaux relaxantes offrent une exp\u00e9rience paisible en d\u00e9tendant votre corps et en reposant votre esprit.<\/p><\/div><\/div>\t\t\t\t<\/div>\r\n\t\t\t\t<\/div>\r\n\t\t\t\t\t<\/div>\r\n\t\t<\/div>\r\n\t\t\t\t<div class=\"elementor-column elementor-col-50 elementor-top-column elementor-element elementor-element-48f97ff5\" data-id=\"48f97ff5\" data-element_type=\"column\" data-settings=\"{&quot;background_background&quot;:&quot;classic&quot;,&quot;animation&quot;:&quot;none&quot;}\">\r\n\t\t\t<div class=\"elementor-widget-wrap elementor-element-populated\">\r\n\t\t\t\t\t\t<div class=\"elementor-element elementor-element-52483fe elementor-position-left elementor-vertical-align-top elementor-widget elementor-widget-image-box\" data-id=\"52483fe\" data-element_type=\"widget\" data-widget_type=\"image-box.default\">\r\n\t\t\t\t<div class=\"elementor-widget-container\">\r\n\t\t\t\t\t<div class=\"elementor-image-box-wrapper\"><figure class=\"elementor-image-box-img\"><img loading=\"lazy\" decoding=\"async\" width=\"1240\" height=\"827\" src=\"https:\/\/www.royalbursa.com\/fr\/wp-content\/uploads\/2025\/03\/slider-2.png\" class=\"attachment-full size-full wp-image-8014\" alt=\"\" srcset=\"https:\/\/www.royalbursa.com\/fr\/wp-content\/uploads\/2025\/03\/slider-2.png 1240w, https:\/\/www.royalbursa.com\/fr\/wp-content\/uploads\/2025\/03\/slider-2-300x200.png 300w, https:\/\/www.royalbursa.com\/fr\/wp-content\/uploads\/2025\/03\/slider-2-1024x683.png 1024w, https:\/\/www.royalbursa.com\/fr\/wp-content\/uploads\/2025\/03\/slider-2-768x512.png 768w, https:\/\/www.royalbursa.com\/fr\/wp-content\/uploads\/2025\/03\/slider-2-600x400.png 600w\" sizes=\"(max-width: 1240px) 100vw, 1240px\" \/><\/figure><div class=\"elementor-image-box-content\"><h3 class=\"elementor-image-box-title\">Plaisir thermal<\/h3><p class=\"elementor-image-box-description\">Notre piscine thermale rafra\u00eechit le corps et l'esprit gr\u00e2ce \u00e0 l'effet relaxant des eaux chaudes.<\/p><\/div><\/div>\t\t\t\t<\/div>\r\n\t\t\t\t<\/div>\r\n\t\t\t\t\t<\/div>\r\n\t\t<\/div>\r\n\t\t\t\t\t<\/div>\r\n\t\t<\/section>\r\n\t\t\t\t<\/div>\r\n\t\t","protected":false},"excerpt":{"rendered":"<p>Piscine thermale Gu\u00e9rison Pr\u00e9par\u00e9 Unique Plaisir Effet curatif de la piscine Notre piscine thermale d\u00e9tend votre corps et repose votre \u00e2me gr\u00e2ce \u00e0 l&#8217;effet curatif de la nature. Vous pouvez \u00e9vacuer votre stress gr\u00e2ce au pouvoir calmant des eaux chaudes et vous sentir frais et dispos. THERMIQUE Piscine thermale et spa La piscine thermale de [&hellip;]<\/p>\n","protected":false},"author":1,"featured_media":0,"parent":0,"menu_order":0,"comment_status":"closed","ping_status":"closed","template":"","meta":{"inline_featured_image":false,"footnotes":""},"class_list":["post-8110","page","type-page","status-publish","hentry"],"_links":{"self":[{"href":"https:\/\/www.royalbursa.com\/fr\/wp-json\/wp\/v2\/pages\/8110","targetHints":{"allow":["GET"]}}],"collection":[{"href":"https:\/\/www.royalbursa.com\/fr\/wp-json\/wp\/v2\/pages"}],"about":[{"href":"https:\/\/www.royalbursa.com\/fr\/wp-json\/wp\/v2\/types\/page"}],"author":[{"embeddable":true,"href":"https:\/\/www.royalbursa.com\/fr\/wp-json\/wp\/v2\/users\/1"}],"replies":[{"embeddable":true,"href":"https:\/\/www.royalbursa.com\/fr\/wp-json\/wp\/v2\/comments?post=8110"}],"version-history":[{"count":29,"href":"https:\/\/www.royalbursa.com\/fr\/wp-json\/wp\/v2\/pages\/8110\/revisions"}],"predecessor-version":[{"id":8496,"href":"https:\/\/www.royalbursa.com\/fr\/wp-json\/wp\/v2\/pages\/8110\/revisions\/8496"}],"wp:attachment":[{"href":"https:\/\/www.royalbursa.com\/fr\/wp-json\/wp\/v2\/media?parent=8110"}],"curies":[{"name":"wp","href":"https:\/\/api.w.org\/{rel}","templated":true}]}}