{"id":8098,"date":"2025-03-28T14:27:26","date_gmt":"2025-03-28T11:27:26","guid":{"rendered":"https:\/\/www.royalbursa.com\/fr\/?page_id=8098"},"modified":"2025-04-15T16:56:37","modified_gmt":"2025-04-15T13:56:37","slug":"spa","status":"publish","type":"page","link":"https:\/\/www.royalbursa.com\/fr\/spa\/","title":{"rendered":"SPA"},"content":{"rendered":"\t\t<div data-elementor-type=\"wp-page\" data-elementor-id=\"8098\" class=\"elementor elementor-8098\">\r\n\t\t\t\t\t\t<section class=\"elementor-section elementor-top-section elementor-element elementor-element-5d743d86 elementor-section-stretched elementor-section-content-middle elementor-section-boxed elementor-section-height-default elementor-section-height-default\" data-id=\"5d743d86\" data-element_type=\"section\" data-settings=\"{&quot;stretch_section&quot;:&quot;section-stretched&quot;,&quot;background_background&quot;:&quot;classic&quot;}\">\r\n\t\t\t\t\t\t\t<div class=\"elementor-background-overlay\"><\/div>\r\n\t\t\t\t\t\t\t<div class=\"elementor-container elementor-column-gap-default\">\r\n\t\t\t\t\t<div class=\"elementor-column elementor-col-100 elementor-top-column elementor-element elementor-element-3f6ef4c9\" data-id=\"3f6ef4c9\" data-element_type=\"column\">\r\n\t\t\t<div class=\"elementor-widget-wrap elementor-element-populated\">\r\n\t\t\t\t\t\t<div class=\"elementor-element elementor-element-f7da3d2 elementor-widget elementor-widget-heading\" data-id=\"f7da3d2\" data-element_type=\"widget\" data-widget_type=\"heading.default\">\r\n\t\t\t\t<div class=\"elementor-widget-container\">\r\n\t\t\t\t\t<h1 class=\"elementor-heading-title elementor-size-default\">SPA<\/h1>\t\t\t\t<\/div>\r\n\t\t\t\t<\/div>\r\n\t\t\t\t\t<\/div>\r\n\t\t<\/div>\r\n\t\t\t\t\t<\/div>\r\n\t\t<\/section>\r\n\t\t\t\t<section class=\"elementor-section elementor-top-section elementor-element elementor-element-1f0f9da7 elementor-section-full_width elementor-section-height-default elementor-section-height-default\" data-id=\"1f0f9da7\" data-element_type=\"section\">\r\n\t\t\t\t\t\t<div class=\"elementor-container elementor-column-gap-default\">\r\n\t\t\t\t\t<div class=\"elementor-column elementor-col-25 elementor-top-column elementor-element elementor-element-5183528\" data-id=\"5183528\" data-element_type=\"column\">\r\n\t\t\t<div class=\"elementor-widget-wrap elementor-element-populated\">\r\n\t\t\t\t\t\t<div class=\"elementor-element elementor-element-4c32f173 elementor-position-left elementor-vertical-align-middle elementor-widget elementor-widget-image-box\" data-id=\"4c32f173\" data-element_type=\"widget\" data-widget_type=\"image-box.default\">\r\n\t\t\t\t<div class=\"elementor-widget-container\">\r\n\t\t\t\t\t<div class=\"elementor-image-box-wrapper\"><figure class=\"elementor-image-box-img\"><img decoding=\"async\" width=\"128\" height=\"128\" src=\"https:\/\/www.royalbursa.com\/fr\/wp-content\/uploads\/2025\/03\/3057274.png\" class=\"attachment-full size-full wp-image-8195\" alt=\"\" srcset=\"https:\/\/www.royalbursa.com\/fr\/wp-content\/uploads\/2025\/03\/3057274.png 128w, https:\/\/www.royalbursa.com\/fr\/wp-content\/uploads\/2025\/03\/3057274-100x100.png 100w\" sizes=\"(max-width: 128px) 100vw, 128px\" \/><\/figure><div class=\"elementor-image-box-content\"><h4 class=\"elementor-image-box-title\">Tranquillisant<\/h4><\/div><\/div>\t\t\t\t<\/div>\r\n\t\t\t\t<\/div>\r\n\t\t\t\t\t<\/div>\r\n\t\t<\/div>\r\n\t\t\t\t<div class=\"elementor-column elementor-col-25 elementor-top-column elementor-element elementor-element-668be740\" data-id=\"668be740\" data-element_type=\"column\">\r\n\t\t\t<div class=\"elementor-widget-wrap elementor-element-populated\">\r\n\t\t\t\t\t\t<div class=\"elementor-element elementor-element-838beab elementor-position-left elementor-vertical-align-middle elementor-widget elementor-widget-image-box\" data-id=\"838beab\" data-element_type=\"widget\" data-widget_type=\"image-box.default\">\r\n\t\t\t\t<div class=\"elementor-widget-container\">\r\n\t\t\t\t\t<div class=\"elementor-image-box-wrapper\"><figure class=\"elementor-image-box-img\"><img fetchpriority=\"high\" decoding=\"async\" width=\"512\" height=\"512\" src=\"https:\/\/www.royalbursa.com\/fr\/wp-content\/uploads\/2025\/03\/massage.png\" class=\"attachment-full size-full wp-image-8194\" alt=\"\" srcset=\"https:\/\/www.royalbursa.com\/fr\/wp-content\/uploads\/2025\/03\/massage.png 512w, https:\/\/www.royalbursa.com\/fr\/wp-content\/uploads\/2025\/03\/massage-300x300.png 300w, https:\/\/www.royalbursa.com\/fr\/wp-content\/uploads\/2025\/03\/massage-150x150.png 150w, https:\/\/www.royalbursa.com\/fr\/wp-content\/uploads\/2025\/03\/massage-100x100.png 100w\" sizes=\"(max-width: 512px) 100vw, 512px\" \/><\/figure><div class=\"elementor-image-box-content\"><h4 class=\"elementor-image-box-title\">Confort<\/h4><\/div><\/div>\t\t\t\t<\/div>\r\n\t\t\t\t<\/div>\r\n\t\t\t\t\t<\/div>\r\n\t\t<\/div>\r\n\t\t\t\t<div class=\"elementor-column elementor-col-25 elementor-top-column elementor-element elementor-element-7712897b\" data-id=\"7712897b\" data-element_type=\"column\">\r\n\t\t\t<div class=\"elementor-widget-wrap elementor-element-populated\">\r\n\t\t\t\t\t\t<div class=\"elementor-element elementor-element-03bb557 elementor-position-left elementor-vertical-align-middle elementor-widget elementor-widget-image-box\" data-id=\"03bb557\" data-element_type=\"widget\" data-widget_type=\"image-box.default\">\r\n\t\t\t\t<div class=\"elementor-widget-container\">\r\n\t\t\t\t\t<div class=\"elementor-image-box-wrapper\"><figure class=\"elementor-image-box-img\"><img decoding=\"async\" width=\"512\" height=\"512\" src=\"https:\/\/www.royalbursa.com\/fr\/wp-content\/uploads\/2025\/03\/relax.png\" class=\"attachment-full size-full wp-image-8193\" alt=\"\" srcset=\"https:\/\/www.royalbursa.com\/fr\/wp-content\/uploads\/2025\/03\/relax.png 512w, https:\/\/www.royalbursa.com\/fr\/wp-content\/uploads\/2025\/03\/relax-300x300.png 300w, https:\/\/www.royalbursa.com\/fr\/wp-content\/uploads\/2025\/03\/relax-150x150.png 150w, https:\/\/www.royalbursa.com\/fr\/wp-content\/uploads\/2025\/03\/relax-100x100.png 100w\" sizes=\"(max-width: 512px) 100vw, 512px\" \/><\/figure><div class=\"elementor-image-box-content\"><h4 class=\"elementor-image-box-title\">Paix int\u00e9rieure<\/h4><\/div><\/div>\t\t\t\t<\/div>\r\n\t\t\t\t<\/div>\r\n\t\t\t\t\t<\/div>\r\n\t\t<\/div>\r\n\t\t\t\t<div class=\"elementor-column elementor-col-25 elementor-top-column elementor-element elementor-element-4e087edb\" data-id=\"4e087edb\" data-element_type=\"column\">\r\n\t\t\t<div class=\"elementor-widget-wrap elementor-element-populated\">\r\n\t\t\t\t\t\t<div class=\"elementor-element elementor-element-32c5313 elementor-position-left elementor-vertical-align-middle elementor-widget elementor-widget-image-box\" data-id=\"32c5313\" data-element_type=\"widget\" data-widget_type=\"image-box.default\">\r\n\t\t\t\t<div class=\"elementor-widget-container\">\r\n\t\t\t\t\t<div class=\"elementor-image-box-wrapper\"><figure class=\"elementor-image-box-img\"><img loading=\"lazy\" decoding=\"async\" width=\"512\" height=\"512\" src=\"https:\/\/www.royalbursa.com\/fr\/wp-content\/uploads\/2025\/03\/spa.png\" class=\"attachment-full size-full wp-image-8192\" alt=\"\" srcset=\"https:\/\/www.royalbursa.com\/fr\/wp-content\/uploads\/2025\/03\/spa.png 512w, https:\/\/www.royalbursa.com\/fr\/wp-content\/uploads\/2025\/03\/spa-300x300.png 300w, https:\/\/www.royalbursa.com\/fr\/wp-content\/uploads\/2025\/03\/spa-150x150.png 150w, https:\/\/www.royalbursa.com\/fr\/wp-content\/uploads\/2025\/03\/spa-100x100.png 100w\" sizes=\"(max-width: 512px) 100vw, 512px\" \/><\/figure><div class=\"elementor-image-box-content\"><h4 class=\"elementor-image-box-title\">Fra\u00eecheur<\/h4><\/div><\/div>\t\t\t\t<\/div>\r\n\t\t\t\t<\/div>\r\n\t\t\t\t\t<\/div>\r\n\t\t<\/div>\r\n\t\t\t\t\t<\/div>\r\n\t\t<\/section>\r\n\t\t\t\t<section class=\"elementor-section elementor-top-section elementor-element elementor-element-1cdeaeed elementor-section-stretched elementor-section-boxed elementor-section-height-default elementor-section-height-default\" data-id=\"1cdeaeed\" data-element_type=\"section\" data-settings=\"{&quot;stretch_section&quot;:&quot;section-stretched&quot;,&quot;background_background&quot;:&quot;classic&quot;}\">\r\n\t\t\t\t\t\t\t<div class=\"elementor-background-overlay\"><\/div>\r\n\t\t\t\t\t\t\t<div class=\"elementor-container elementor-column-gap-default\">\r\n\t\t\t\t\t<div class=\"elementor-column elementor-col-50 elementor-top-column elementor-element elementor-element-49d154e7\" data-id=\"49d154e7\" data-element_type=\"column\">\r\n\t\t\t<div class=\"elementor-widget-wrap\">\r\n\t\t\t\t\t\t\t<\/div>\r\n\t\t<\/div>\r\n\t\t\t\t<div class=\"elementor-column elementor-col-50 elementor-top-column elementor-element elementor-element-6294bf18\" data-id=\"6294bf18\" data-element_type=\"column\">\r\n\t\t\t<div class=\"elementor-widget-wrap elementor-element-populated\">\r\n\t\t\t\t\t\t<div class=\"elementor-element elementor-element-6b8202df elementor-widget elementor-widget-heading\" data-id=\"6b8202df\" data-element_type=\"widget\" data-widget_type=\"heading.default\">\r\n\t\t\t\t<div class=\"elementor-widget-container\">\r\n\t\t\t\t\t<h1 class=\"elementor-heading-title elementor-size-default\">D\u00e9tente in\u00e9gal\u00e9e<\/h1>\t\t\t\t<\/div>\r\n\t\t\t\t<\/div>\r\n\t\t\t\t<div class=\"elementor-element elementor-element-258cee1a elementor-widget elementor-widget-heading\" data-id=\"258cee1a\" data-element_type=\"widget\" data-widget_type=\"heading.default\">\r\n\t\t\t\t<div class=\"elementor-widget-container\">\r\n\t\t\t\t\t<p class=\"elementor-heading-title elementor-size-default\">Sp\u00e9cialement con\u00e7u pour offrir une exp\u00e9rience de relaxation unique. Avec son design moderne et son atmosph\u00e8re paisible, il vise \u00e0 d\u00e9tendre ses h\u00f4tes dans les moindres d\u00e9tails.<\/p>\t\t\t\t<\/div>\r\n\t\t\t\t<\/div>\r\n\t\t\t\t\t<\/div>\r\n\t\t<\/div>\r\n\t\t\t\t\t<\/div>\r\n\t\t<\/section>\r\n\t\t\t\t<section class=\"elementor-section elementor-top-section elementor-element elementor-element-1e60752 elementor-section-content-middle elementor-reverse-tablet elementor-reverse-mobile elementor-section-stretched elementor-section-boxed elementor-section-height-default elementor-section-height-default\" data-id=\"1e60752\" data-element_type=\"section\" data-settings=\"{&quot;stretch_section&quot;:&quot;section-stretched&quot;,&quot;background_background&quot;:&quot;classic&quot;}\">\r\n\t\t\t\t\t\t<div class=\"elementor-container elementor-column-gap-default\">\r\n\t\t\t\t\t<div class=\"elementor-column elementor-col-50 elementor-top-column elementor-element elementor-element-4c7ff792\" data-id=\"4c7ff792\" data-element_type=\"column\">\r\n\t\t\t<div class=\"elementor-widget-wrap elementor-element-populated\">\r\n\t\t\t\t\t\t<div class=\"elementor-element elementor-element-e5464cc elementor-widget elementor-widget-heading\" data-id=\"e5464cc\" data-element_type=\"widget\" data-widget_type=\"heading.default\">\r\n\t\t\t\t<div class=\"elementor-widget-container\">\r\n\t\t\t\t\t<h3 class=\"elementor-heading-title elementor-size-default\">SPA<\/h3>\t\t\t\t<\/div>\r\n\t\t\t\t<\/div>\r\n\t\t\t\t<div class=\"elementor-element elementor-element-58d7a9a4 elementor-widget elementor-widget-heading\" data-id=\"58d7a9a4\" data-element_type=\"widget\" data-widget_type=\"heading.default\">\r\n\t\t\t\t<div class=\"elementor-widget-container\">\r\n\t\t\t\t\t<h1 class=\"elementor-heading-title elementor-size-default\">Calme et r\u00e9g\u00e9n\u00e9ration<\/h1>\t\t\t\t<\/div>\r\n\t\t\t\t<\/div>\r\n\t\t\t\t<div class=\"elementor-element elementor-element-69920cd7 elementor-widget elementor-widget-heading\" data-id=\"69920cd7\" data-element_type=\"widget\" data-widget_type=\"heading.default\">\r\n\t\t\t\t<div class=\"elementor-widget-container\">\r\n\t\t\t\t\t<p class=\"elementor-heading-title elementor-size-default\">Gr\u00e2ce aux massages et aux rituels de soins appliqu\u00e9s par des th\u00e9rapeutes professionnels, vous vous \u00e9loignerez du stress de la vie quotidienne et vous vous sentirez revigor\u00e9.<\/p>\t\t\t\t<\/div>\r\n\t\t\t\t<\/div>\r\n\t\t\t\t<div class=\"elementor-element elementor-element-1ef8a70b elementor-align-left elementor-widget elementor-widget-button\" data-id=\"1ef8a70b\" data-element_type=\"widget\" data-widget_type=\"button.default\">\r\n\t\t\t\t<div class=\"elementor-widget-container\">\r\n\t\t\t\t\t\t\t\t\t<div class=\"elementor-button-wrapper\">\r\n\t\t\t\t\t<a class=\"elementor-button elementor-button-link elementor-size-sm elementor-animation-shrink\" href=\"https:\/\/www.royalbursa.com\/fr\/contact\/\">\r\n\t\t\t\t\t\t<span class=\"elementor-button-content-wrapper\">\r\n\t\t\t\t\t\t\t\t\t<span class=\"elementor-button-text\">Nous contacter<\/span>\r\n\t\t\t\t\t<\/span>\r\n\t\t\t\t\t<\/a>\r\n\t\t\t\t<\/div>\r\n\t\t\t\t\t\t\t\t<\/div>\r\n\t\t\t\t<\/div>\r\n\t\t\t\t\t<\/div>\r\n\t\t<\/div>\r\n\t\t\t\t<div class=\"elementor-column elementor-col-50 elementor-top-column elementor-element elementor-element-617f71d\" data-id=\"617f71d\" data-element_type=\"column\">\r\n\t\t\t<div class=\"elementor-widget-wrap elementor-element-populated\">\r\n\t\t\t\t\t\t<div class=\"elementor-element elementor-element-5bf2343 elementor-widget elementor-widget-image\" data-id=\"5bf2343\" data-element_type=\"widget\" data-widget_type=\"image.default\">\r\n\t\t\t\t<div class=\"elementor-widget-container\">\r\n\t\t\t\t\t\t\t\t\t\t\t\t\t\t\t<img loading=\"lazy\" decoding=\"async\" width=\"750\" height=\"500\" src=\"https:\/\/www.royalbursa.com\/fr\/wp-content\/uploads\/2025\/03\/spa-07.jpg\" class=\"attachment-large size-large wp-image-8106\" alt=\"\" srcset=\"https:\/\/www.royalbursa.com\/fr\/wp-content\/uploads\/2025\/03\/spa-07.jpg 750w, https:\/\/www.royalbursa.com\/fr\/wp-content\/uploads\/2025\/03\/spa-07-300x200.jpg 300w, https:\/\/www.royalbursa.com\/fr\/wp-content\/uploads\/2025\/03\/spa-07-600x400.jpg 600w\" sizes=\"(max-width: 750px) 100vw, 750px\" \/>\t\t\t\t\t\t\t\t\t\t\t\t\t\t\t<\/div>\r\n\t\t\t\t<\/div>\r\n\t\t\t\t\t<\/div>\r\n\t\t<\/div>\r\n\t\t\t\t\t<\/div>\r\n\t\t<\/section>\r\n\t\t\t\t<section class=\"elementor-section elementor-top-section elementor-element elementor-element-25127a70 elementor-section-stretched elementor-section-boxed elementor-section-height-default elementor-section-height-default\" data-id=\"25127a70\" data-element_type=\"section\" data-settings=\"{&quot;background_background&quot;:&quot;classic&quot;,&quot;stretch_section&quot;:&quot;section-stretched&quot;}\">\r\n\t\t\t\t\t\t<div class=\"elementor-container elementor-column-gap-default\">\r\n\t\t\t\t\t<div class=\"elementor-column elementor-col-50 elementor-top-column elementor-element elementor-element-5b08519d\" data-id=\"5b08519d\" data-element_type=\"column\" data-settings=\"{&quot;background_background&quot;:&quot;classic&quot;,&quot;animation&quot;:&quot;none&quot;}\">\r\n\t\t\t<div class=\"elementor-widget-wrap elementor-element-populated\">\r\n\t\t\t\t\t\t<div class=\"elementor-element elementor-element-e108d28 elementor-position-left elementor-vertical-align-top elementor-widget elementor-widget-image-box\" data-id=\"e108d28\" data-element_type=\"widget\" data-widget_type=\"image-box.default\">\r\n\t\t\t\t<div class=\"elementor-widget-container\">\r\n\t\t\t\t\t<div class=\"elementor-image-box-wrapper\"><figure class=\"elementor-image-box-img\"><img loading=\"lazy\" decoding=\"async\" width=\"750\" height=\"500\" src=\"https:\/\/www.royalbursa.com\/fr\/wp-content\/uploads\/2025\/03\/spa-01.jpg\" class=\"attachment-full size-full wp-image-8104\" alt=\"\" srcset=\"https:\/\/www.royalbursa.com\/fr\/wp-content\/uploads\/2025\/03\/spa-01.jpg 750w, https:\/\/www.royalbursa.com\/fr\/wp-content\/uploads\/2025\/03\/spa-01-300x200.jpg 300w, https:\/\/www.royalbursa.com\/fr\/wp-content\/uploads\/2025\/03\/spa-01-600x400.jpg 600w\" sizes=\"(max-width: 750px) 100vw, 750px\" \/><\/figure><div class=\"elementor-image-box-content\"><h3 class=\"elementor-image-box-title\">Pour votre sant\u00e9<\/h3><p class=\"elementor-image-box-description\">L'effet curatif de l'eau thermale d\u00e9tend les muscles, revitalise la peau et am\u00e9liore l'\u00e9tat de sant\u00e9 g\u00e9n\u00e9ral.<\/p><\/div><\/div>\t\t\t\t<\/div>\r\n\t\t\t\t<\/div>\r\n\t\t\t\t\t<\/div>\r\n\t\t<\/div>\r\n\t\t\t\t<div class=\"elementor-column elementor-col-50 elementor-top-column elementor-element elementor-element-48f97ff5\" data-id=\"48f97ff5\" data-element_type=\"column\" data-settings=\"{&quot;background_background&quot;:&quot;classic&quot;,&quot;animation&quot;:&quot;none&quot;}\">\r\n\t\t\t<div class=\"elementor-widget-wrap elementor-element-populated\">\r\n\t\t\t\t\t\t<div class=\"elementor-element elementor-element-52483fe elementor-position-left elementor-vertical-align-top elementor-widget elementor-widget-image-box\" data-id=\"52483fe\" data-element_type=\"widget\" data-widget_type=\"image-box.default\">\r\n\t\t\t\t<div class=\"elementor-widget-container\">\r\n\t\t\t\t\t<div class=\"elementor-image-box-wrapper\"><figure class=\"elementor-image-box-img\"><img loading=\"lazy\" decoding=\"async\" width=\"750\" height=\"500\" src=\"https:\/\/www.royalbursa.com\/fr\/wp-content\/uploads\/2025\/03\/spa-03.jpg\" class=\"attachment-full size-full wp-image-8103\" alt=\"\" srcset=\"https:\/\/www.royalbursa.com\/fr\/wp-content\/uploads\/2025\/03\/spa-03.jpg 750w, https:\/\/www.royalbursa.com\/fr\/wp-content\/uploads\/2025\/03\/spa-03-300x200.jpg 300w, https:\/\/www.royalbursa.com\/fr\/wp-content\/uploads\/2025\/03\/spa-03-600x400.jpg 600w\" sizes=\"(max-width: 750px) 100vw, 750px\" \/><\/figure><div class=\"elementor-image-box-content\"><h3 class=\"elementor-image-box-title\">Des vacances inoubliables<\/h3><p class=\"elementor-image-box-description\">La tranquillit\u00e9 de la nature, les \u00e9quipements de luxe et l'excellence du service offrent le cadre id\u00e9al pour des vacances inoubliables.<\/p><\/div><\/div>\t\t\t\t<\/div>\r\n\t\t\t\t<\/div>\r\n\t\t\t\t\t<\/div>\r\n\t\t<\/div>\r\n\t\t\t\t\t<\/div>\r\n\t\t<\/section>\r\n\t\t\t\t<\/div>\r\n\t\t","protected":false},"excerpt":{"rendered":"<p>SPA Tranquillisant Confort Paix int\u00e9rieure Fra\u00eecheur D\u00e9tente in\u00e9gal\u00e9e Sp\u00e9cialement con\u00e7u pour offrir une exp\u00e9rience de relaxation unique. Avec son design moderne et son atmosph\u00e8re paisible, il vise \u00e0 d\u00e9tendre ses h\u00f4tes dans les moindres d\u00e9tails. SPA Calme et r\u00e9g\u00e9n\u00e9ration Gr\u00e2ce aux massages et aux rituels de soins appliqu\u00e9s par des th\u00e9rapeutes professionnels, vous vous \u00e9loignerez [&hellip;]<\/p>\n","protected":false},"author":1,"featured_media":0,"parent":0,"menu_order":0,"comment_status":"closed","ping_status":"closed","template":"","meta":{"inline_featured_image":false,"footnotes":""},"class_list":["post-8098","page","type-page","status-publish","hentry"],"_links":{"self":[{"href":"https:\/\/www.royalbursa.com\/fr\/wp-json\/wp\/v2\/pages\/8098","targetHints":{"allow":["GET"]}}],"collection":[{"href":"https:\/\/www.royalbursa.com\/fr\/wp-json\/wp\/v2\/pages"}],"about":[{"href":"https:\/\/www.royalbursa.com\/fr\/wp-json\/wp\/v2\/types\/page"}],"author":[{"embeddable":true,"href":"https:\/\/www.royalbursa.com\/fr\/wp-json\/wp\/v2\/users\/1"}],"replies":[{"embeddable":true,"href":"https:\/\/www.royalbursa.com\/fr\/wp-json\/wp\/v2\/comments?post=8098"}],"version-history":[{"count":22,"href":"https:\/\/www.royalbursa.com\/fr\/wp-json\/wp\/v2\/pages\/8098\/revisions"}],"predecessor-version":[{"id":8499,"href":"https:\/\/www.royalbursa.com\/fr\/wp-json\/wp\/v2\/pages\/8098\/revisions\/8499"}],"wp:attachment":[{"href":"https:\/\/www.royalbursa.com\/fr\/wp-json\/wp\/v2\/media?parent=8098"}],"curies":[{"name":"wp","href":"https:\/\/api.w.org\/{rel}","templated":true}]}}