{"id":753,"date":"2025-03-07T15:17:40","date_gmt":"2025-03-07T12:17:40","guid":{"rendered":"https:\/\/www.royalbursa.com\/fr\/?page_id=753"},"modified":"2025-04-15T16:45:23","modified_gmt":"2025-04-15T13:45:23","slug":"accord-de-confidentialite","status":"publish","type":"page","link":"https:\/\/www.royalbursa.com\/fr\/accord-de-confidentialite\/","title":{"rendered":"Accord de confidentialit\u00e9"},"content":{"rendered":"\t\t<div data-elementor-type=\"wp-page\" data-elementor-id=\"753\" class=\"elementor elementor-753\">\r\n\t\t\t\t\t\t<section class=\"elementor-section elementor-top-section elementor-element elementor-element-be3d306 elementor-section-full_width elementor-section-height-default elementor-section-height-default\" data-id=\"be3d306\" data-element_type=\"section\">\r\n\t\t\t\t\t\t<div class=\"elementor-container elementor-column-gap-no\">\r\n\t\t\t\t\t<div class=\"elementor-column elementor-col-100 elementor-top-column elementor-element elementor-element-4c069df\" data-id=\"4c069df\" data-element_type=\"column\">\r\n\t\t\t<div class=\"elementor-widget-wrap elementor-element-populated\">\r\n\t\t\t\t\t\t<div class=\"elementor-element elementor-element-79339d1 elementor-align-left elementor-widget elementor-widget-bdevs-slider-two\" data-id=\"79339d1\" data-element_type=\"widget\" data-widget_type=\"bdevs-slider-two.default\">\r\n\t\t\t\t<div class=\"elementor-widget-container\">\r\n\t\t\t\t\t\t\t\r\n\t\t<div class=\"upper-page bg-dark\" id=\"home\">\r\n            <!-- hero bg start -->\r\n            <div class=\"hero-fullscreen\">\r\n                <div class=\"hero-fullscreen-FIX\">\r\n                    <div class=\"hero-bg\">\r\n                        <!-- hero slider wrapper start -->\r\n                        <div class=\"swiper-container-wrapper\">\r\n                            <!-- swiper container start -->\r\n                            <div class=\"swiper-container swiper2\">\r\n                                <!-- swiper wrapper start -->\r\n                                <div class=\"swiper-wrapper\">\r\n                                    <!-- swiper slider item start -->\r\n                                    <div class=\"swiper-slide\">\r\n                                        <div class=\"swiper-slide-inner\">\r\n                                        \t                                            <!-- swiper slider item IMG start -->\r\n                                            <div class=\"swiper-slide-inner-bg bg-img-1 overlay overlay-dark\" style=\"background-image: url(https:\/\/www.royalbursa.com\/fr\/wp-content\/uploads\/2025\/02\/King-Suite-5-1-1000x667-min.png);\">\r\n                                            <\/div>\r\n                                            <!-- swiper slider item IMG end -->\r\n                                                                                        <!-- swiper slider item txt start -->\r\n                                            <div class=\"swiper-slide-inner-txt-2\">\r\n                                            \t                                                <div class=\"blog-tag blog-tag-light fadeIn-element\"><\/div>\r\n                                                <div class=\"divider-m\"><\/div>\r\n                                                <!-- divider end -->\r\n                                                                                                <!-- section title start -->\r\n                                                <h1 class=\"hero-heading hero-heading-home fadeIn-element\">\r\n                                                    Accord de confidentialit\u00e9                                                <\/h1>\r\n                                                <!-- section title end -->\r\n                                                <!-- divider start -->\r\n                                                <div class=\"divider-m\"><\/div>\r\n                                                <!-- divider end -->\r\n                                                                                                <!-- button start -->\r\n                                                <div class=\"more-wraper-center more-wraper-center-home fadeIn-element\">\r\n                                                    <a class=\"button button-effect\"  href=\"#\">\r\n                                                        <div class=\"more-wraper-inner-home\">\r\n                                                            <i class=\"pulse\"><\/i>\r\n                                                            <div class=\"more-button-txt-center more-button-txt-center-home\">\r\n                                                                <span><\/span>\r\n                                                            <\/div>\r\n                                                        <\/div>\r\n                                                    <\/a>\r\n                                                <\/div>\r\n                                                <!-- button end -->\r\n                                                                            \r\n                                            <\/div>\r\n                                            <!-- swiper slider item txt end -->\r\n                                        <\/div>\r\n                                    <\/div>\r\n                                    <!-- swiper slider item end -->\r\n                                <\/div>\r\n                                <!-- swiper wrapper end -->   \r\n                            <\/div>\r\n                            <!-- swiper container end -->\r\n                        <\/div>\r\n                        <!-- hero slider wrapper end -->\r\n                    <\/div>\r\n                <\/div>\r\n            <\/div>\r\n            <!-- hero bg end -->\r\n            <!-- scroll indicator start -->\r\n            <div class=\"scroll-indicator\">\r\n                <div class=\"scroll-indicator-wrapper\">\r\n                    <div class=\"scroll-line fadeIn-element\"><\/div>\r\n                <\/div>\r\n            <\/div>\r\n            <!-- scroll indicator end -->\r\n        <\/div>\r\n        <!-- vertical lines start -->\r\n        <div class=\"vertical-lines-wrapper\">\r\n            <div class=\"vertical-lines\"><\/div>\r\n        <\/div>\r\n        <!-- vertical lines end -->\r\n\r\n  \r\n\t\t\t\t\t<\/div>\r\n\t\t\t\t<\/div>\r\n\t\t\t\t\t<\/div>\r\n\t\t<\/div>\r\n\t\t\t\t\t<\/div>\r\n\t\t<\/section>\r\n\t\t\t\t<section class=\"elementor-section elementor-top-section elementor-element elementor-element-e143f03 elementor-section-boxed elementor-section-height-default elementor-section-height-default\" data-id=\"e143f03\" data-element_type=\"section\">\r\n\t\t\t\t\t\t<div class=\"elementor-container elementor-column-gap-default\">\r\n\t\t\t\t\t<div class=\"elementor-column elementor-col-100 elementor-top-column elementor-element elementor-element-3b7bc4f\" data-id=\"3b7bc4f\" data-element_type=\"column\">\r\n\t\t\t<div class=\"elementor-widget-wrap elementor-element-populated\">\r\n\t\t\t\t\t\t<div class=\"elementor-element elementor-element-bd113cc elementor-widget elementor-widget-text-editor\" data-id=\"bd113cc\" data-element_type=\"widget\" data-widget_type=\"text-editor.default\">\r\n\t\t\t\t<div class=\"elementor-widget-container\">\r\n\t\t\t\t\t\t\t\t\t<p>Politique de confidentialit\u00e9 de l&#8217;h\u00f4tel Royal Teramal<\/p><p>Cet accord de confidentialit\u00e9 explique comment nous recueillons, utilisons et prot\u00e9geons les informations personnelles des utilisateurs qui visitent le site Web de l&#8217;h\u00f4tel Royal Teramal et b\u00e9n\u00e9ficient de nos services.<\/p><p>Informations collect\u00e9es<br \/>Informations personnelles :\u00a0Informations directement identifiables telles que le nom, l&#8217;adresse \u00e9lectronique et le num\u00e9ro de t\u00e9l\u00e9phone.<br \/>Donn\u00e9es d&#8217;utilisation :\u00a0Informations sur la mani\u00e8re dont vous utilisez notre site web, telles que l&#8217;adresse IP, le type de navigateur, les pages visit\u00e9es et les dur\u00e9es de session.<br \/>Cookies et technologies de suivi :\u00a0Lorsque vous visitez notre site web, nous recueillons certaines informations par le biais de cookies.<\/p><p>Utilisation des informations<\/p><p>Nous utilisons les informations que nous recueillons pour<\/p><p>Fournir et g\u00e9rer nos services,<br \/>Am\u00e9liorer l&#8217;exp\u00e9rience de l&#8217;utilisateur,<br \/>Remplir nos obligations l\u00e9gales,<br \/>mener des activit\u00e9s de marketing et de publicit\u00e9.<br \/>Partage des informations<\/p><p>Nous ne partageons pas, ne vendons pas et ne louons pas vos informations personnelles \u00e0 des tiers. Toutefois, nous pouvons partager ces informations lorsque cela est requis par des demandes l\u00e9gales ou lorsque nous travaillons avec nos fournisseurs de services.<\/p><p>S\u00e9curit\u00e9 des donn\u00e9es<\/p><p>Nous prenons les mesures techniques et administratives appropri\u00e9es pour assurer la s\u00e9curit\u00e9 de vos informations personnelles. Toutefois, la s\u00e9curit\u00e9 des donn\u00e9es transmises sur l&#8217;internet ne peut \u00eatre garantie \u00e0 100 %. Vous devez donc prendre en compte les risques potentiels li\u00e9s \u00e0 toute transmission de donn\u00e9es.<\/p><p>Vos droits<\/p><p>Vous disposez d&#8217;un droit d&#8217;acc\u00e8s, de rectification, de suppression et de limitation du traitement de vos informations personnelles. Vous pouvez nous contacter pour exercer ces droits.<\/p><p>Modifications de l&#8217;accord de confidentialit\u00e9<\/p><p>Nous pouvons mettre \u00e0 jour cet accord de confidentialit\u00e9 de temps \u00e0 autre. Les modifications seront publi\u00e9es sur cette page, que nous vous recommandons donc de consulter r\u00e9guli\u00e8rement.<\/p>\t\t\t\t\t\t\t\t<\/div>\r\n\t\t\t\t<\/div>\r\n\t\t\t\t\t<\/div>\r\n\t\t<\/div>\r\n\t\t\t\t\t<\/div>\r\n\t\t<\/section>\r\n\t\t\t\t<\/div>\r\n\t\t","protected":false},"excerpt":{"rendered":"<p>Accord de confidentialit\u00e9 Politique de confidentialit\u00e9 de l&#8217;h\u00f4tel Royal Teramal Cet accord de confidentialit\u00e9 explique comment nous recueillons, utilisons et prot\u00e9geons les informations personnelles des utilisateurs qui visitent le site Web de l&#8217;h\u00f4tel Royal Teramal et b\u00e9n\u00e9ficient de nos services. Informations collect\u00e9esInformations personnelles :\u00a0Informations directement identifiables telles que le nom, l&#8217;adresse \u00e9lectronique et le num\u00e9ro [&hellip;]<\/p>\n","protected":false},"author":1,"featured_media":0,"parent":0,"menu_order":0,"comment_status":"closed","ping_status":"closed","template":"","meta":{"inline_featured_image":false,"footnotes":""},"class_list":["post-753","page","type-page","status-publish","hentry"],"_links":{"self":[{"href":"https:\/\/www.royalbursa.com\/fr\/wp-json\/wp\/v2\/pages\/753","targetHints":{"allow":["GET"]}}],"collection":[{"href":"https:\/\/www.royalbursa.com\/fr\/wp-json\/wp\/v2\/pages"}],"about":[{"href":"https:\/\/www.royalbursa.com\/fr\/wp-json\/wp\/v2\/types\/page"}],"author":[{"embeddable":true,"href":"https:\/\/www.royalbursa.com\/fr\/wp-json\/wp\/v2\/users\/1"}],"replies":[{"embeddable":true,"href":"https:\/\/www.royalbursa.com\/fr\/wp-json\/wp\/v2\/comments?post=753"}],"version-history":[{"count":14,"href":"https:\/\/www.royalbursa.com\/fr\/wp-json\/wp\/v2\/pages\/753\/revisions"}],"predecessor-version":[{"id":8478,"href":"https:\/\/www.royalbursa.com\/fr\/wp-json\/wp\/v2\/pages\/753\/revisions\/8478"}],"wp:attachment":[{"href":"https:\/\/www.royalbursa.com\/fr\/wp-json\/wp\/v2\/media?parent=753"}],"curies":[{"name":"wp","href":"https:\/\/api.w.org\/{rel}","templated":true}]}}