{"id":745,"date":"2025-03-07T15:16:22","date_gmt":"2025-03-07T12:16:22","guid":{"rendered":"https:\/\/www.royalbursa.com\/fr\/?page_id=745"},"modified":"2025-04-15T16:44:42","modified_gmt":"2025-04-15T13:44:42","slug":"politique-en-matiere-de-cookies","status":"publish","type":"page","link":"https:\/\/www.royalbursa.com\/fr\/politique-en-matiere-de-cookies\/","title":{"rendered":"Politique en mati\u00e8re de cookies"},"content":{"rendered":"\t\t<div data-elementor-type=\"wp-page\" data-elementor-id=\"745\" class=\"elementor elementor-745\">\r\n\t\t\t\t\t\t<section class=\"elementor-section elementor-top-section elementor-element elementor-element-be3d306 elementor-section-full_width elementor-section-height-default elementor-section-height-default\" data-id=\"be3d306\" data-element_type=\"section\">\r\n\t\t\t\t\t\t<div class=\"elementor-container elementor-column-gap-no\">\r\n\t\t\t\t\t<div class=\"elementor-column elementor-col-100 elementor-top-column elementor-element elementor-element-4c069df\" data-id=\"4c069df\" data-element_type=\"column\">\r\n\t\t\t<div class=\"elementor-widget-wrap elementor-element-populated\">\r\n\t\t\t\t\t\t<div class=\"elementor-element elementor-element-79339d1 elementor-align-left elementor-widget elementor-widget-bdevs-slider-two\" data-id=\"79339d1\" data-element_type=\"widget\" data-widget_type=\"bdevs-slider-two.default\">\r\n\t\t\t\t<div class=\"elementor-widget-container\">\r\n\t\t\t\t\t\t\t\r\n\t\t<div class=\"upper-page bg-dark\" id=\"home\">\r\n            <!-- hero bg start -->\r\n            <div class=\"hero-fullscreen\">\r\n                <div class=\"hero-fullscreen-FIX\">\r\n                    <div class=\"hero-bg\">\r\n                        <!-- hero slider wrapper start -->\r\n                        <div class=\"swiper-container-wrapper\">\r\n                            <!-- swiper container start -->\r\n                            <div class=\"swiper-container swiper2\">\r\n                                <!-- swiper wrapper start -->\r\n                                <div class=\"swiper-wrapper\">\r\n                                    <!-- swiper slider item start -->\r\n                                    <div class=\"swiper-slide\">\r\n                                        <div class=\"swiper-slide-inner\">\r\n                                        \t                                            <!-- swiper slider item IMG start -->\r\n                                            <div class=\"swiper-slide-inner-bg bg-img-1 overlay overlay-dark\" style=\"background-image: url(https:\/\/www.royalbursa.com\/fr\/wp-content\/uploads\/2025\/02\/King-Suite-5-1-1000x667-min.png);\">\r\n                                            <\/div>\r\n                                            <!-- swiper slider item IMG end -->\r\n                                                                                        <!-- swiper slider item txt start -->\r\n                                            <div class=\"swiper-slide-inner-txt-2\">\r\n                                            \t                                                <div class=\"blog-tag blog-tag-light fadeIn-element\"><\/div>\r\n                                                <div class=\"divider-m\"><\/div>\r\n                                                <!-- divider end -->\r\n                                                                                                <!-- section title start -->\r\n                                                <h1 class=\"hero-heading hero-heading-home fadeIn-element\">\r\n                                                    Politique en mati\u00e8re de cookies                                                <\/h1>\r\n                                                <!-- section title end -->\r\n                                                <!-- divider start -->\r\n                                                <div class=\"divider-m\"><\/div>\r\n                                                <!-- divider end -->\r\n                                                                                                <!-- button start -->\r\n                                                <div class=\"more-wraper-center more-wraper-center-home fadeIn-element\">\r\n                                                    <a class=\"button button-effect\"  href=\"#\">\r\n                                                        <div class=\"more-wraper-inner-home\">\r\n                                                            <i class=\"pulse\"><\/i>\r\n                                                            <div class=\"more-button-txt-center more-button-txt-center-home\">\r\n                                                                <span><\/span>\r\n                                                            <\/div>\r\n                                                        <\/div>\r\n                                                    <\/a>\r\n                                                <\/div>\r\n                                                <!-- button end -->\r\n                                                                            \r\n                                            <\/div>\r\n                                            <!-- swiper slider item txt end -->\r\n                                        <\/div>\r\n                                    <\/div>\r\n                                    <!-- swiper slider item end -->\r\n                                <\/div>\r\n                                <!-- swiper wrapper end -->   \r\n                            <\/div>\r\n                            <!-- swiper container end -->\r\n                        <\/div>\r\n                        <!-- hero slider wrapper end -->\r\n                    <\/div>\r\n                <\/div>\r\n            <\/div>\r\n            <!-- hero bg end -->\r\n            <!-- scroll indicator start -->\r\n            <div class=\"scroll-indicator\">\r\n                <div class=\"scroll-indicator-wrapper\">\r\n                    <div class=\"scroll-line fadeIn-element\"><\/div>\r\n                <\/div>\r\n            <\/div>\r\n            <!-- scroll indicator end -->\r\n        <\/div>\r\n        <!-- vertical lines start -->\r\n        <div class=\"vertical-lines-wrapper\">\r\n            <div class=\"vertical-lines\"><\/div>\r\n        <\/div>\r\n        <!-- vertical lines end -->\r\n\r\n  \r\n\t\t\t\t\t<\/div>\r\n\t\t\t\t<\/div>\r\n\t\t\t\t\t<\/div>\r\n\t\t<\/div>\r\n\t\t\t\t\t<\/div>\r\n\t\t<\/section>\r\n\t\t\t\t<section class=\"elementor-section elementor-top-section elementor-element elementor-element-e143f03 elementor-section-boxed elementor-section-height-default elementor-section-height-default\" data-id=\"e143f03\" data-element_type=\"section\">\r\n\t\t\t\t\t\t<div class=\"elementor-container elementor-column-gap-default\">\r\n\t\t\t\t\t<div class=\"elementor-column elementor-col-100 elementor-top-column elementor-element elementor-element-3b7bc4f\" data-id=\"3b7bc4f\" data-element_type=\"column\">\r\n\t\t\t<div class=\"elementor-widget-wrap elementor-element-populated\">\r\n\t\t\t\t\t\t<div class=\"elementor-element elementor-element-bd113cc elementor-widget elementor-widget-text-editor\" data-id=\"bd113cc\" data-element_type=\"widget\" data-widget_type=\"text-editor.default\">\r\n\t\t\t\t<div class=\"elementor-widget-container\">\r\n\t\t\t\t\t\t\t\t\t<p><strong>Royal Termal Hotel Politique<\/strong><\/p><p>La pr\u00e9sente politique en mati\u00e8re de cookies explique comment les cookies sont utilis\u00e9s pour prot\u00e9ger la vie priv\u00e9e des utilisateurs qui visitent le site web du Royal Termal Hotel. En utilisant notre site web, vous \u00eates r\u00e9put\u00e9 avoir accept\u00e9 cette politique.<\/p><p>Qu&#8217;est-ce qu&#8217;un cookie ?<\/p><p>Les cookies sont de petits fichiers de donn\u00e9es plac\u00e9s sur votre appareil par l&#8217;interm\u00e9diaire de votre navigateur lorsque vous visitez un site web. Les cookies sont utilis\u00e9s pour assurer le bon fonctionnement du site web, am\u00e9liorer l&#8217;exp\u00e9rience de l&#8217;utilisateur et m\u00e9moriser certaines informations.<\/p><p>Types de cookies que nous utilisons<\/p><p>Cookies obligatoires :\u00a0N\u00e9cessaires pour que notre site web remplisse ses fonctions de base. Sans ces cookies, notre site web ne fonctionnera pas correctement.<br \/>Cookies fonctionnels :\u00a0Utilis\u00e9s pour m\u00e9moriser les pr\u00e9f\u00e9rences et les param\u00e8tres de l&#8217;utilisateur afin que vous puissiez utiliser le site plus efficacement.<br \/>Cookies analytiques :\u00a0Utilis\u00e9s pour contr\u00f4ler et am\u00e9liorer les performances de notre site web. Ils analysent le comportement des utilisateurs de mani\u00e8re anonyme.<br \/>Cookies publicitaires :\u00a0Utilis\u00e9s pour vous fournir des publicit\u00e9s susceptibles de vous int\u00e9resser. Ces cookies nous permettent de vous proposer des publicit\u00e9s cibl\u00e9es en fonction de vos centres d&#8217;int\u00e9r\u00eat.<br \/>Comment pouvez-vous contr\u00f4ler les cookies ?<\/p><p>La plupart des navigateurs web acceptent automatiquement les cookies. Toutefois, vous pouvez emp\u00eacher le stockage des cookies ou les configurer pour qu&#8217;ils vous avertissent en modifiant les param\u00e8tres de votre navigateur. Toutefois, la d\u00e9sactivation des cookies peut emp\u00eacher certaines fonctionnalit\u00e9s de notre site web de fonctionner correctement.<\/p><p>Modifications de notre politique en mati\u00e8re de cookies<\/p><p>Nous pouvons mettre \u00e0 jour cette politique en mati\u00e8re de cookies de temps \u00e0 autre. En cas de modification, nous vous en informerons en mettant \u00e0 jour cette page.<\/p>\t\t\t\t\t\t\t\t<\/div>\r\n\t\t\t\t<\/div>\r\n\t\t\t\t\t<\/div>\r\n\t\t<\/div>\r\n\t\t\t\t\t<\/div>\r\n\t\t<\/section>\r\n\t\t\t\t<\/div>\r\n\t\t","protected":false},"excerpt":{"rendered":"<p>Politique en mati\u00e8re de cookies Royal Termal Hotel Politique La pr\u00e9sente politique en mati\u00e8re de cookies explique comment les cookies sont utilis\u00e9s pour prot\u00e9ger la vie priv\u00e9e des utilisateurs qui visitent le site web du Royal Termal Hotel. En utilisant notre site web, vous \u00eates r\u00e9put\u00e9 avoir accept\u00e9 cette politique. Qu&#8217;est-ce qu&#8217;un cookie ? Les [&hellip;]<\/p>\n","protected":false},"author":1,"featured_media":0,"parent":0,"menu_order":0,"comment_status":"closed","ping_status":"closed","template":"","meta":{"inline_featured_image":false,"footnotes":""},"class_list":["post-745","page","type-page","status-publish","hentry"],"_links":{"self":[{"href":"https:\/\/www.royalbursa.com\/fr\/wp-json\/wp\/v2\/pages\/745","targetHints":{"allow":["GET"]}}],"collection":[{"href":"https:\/\/www.royalbursa.com\/fr\/wp-json\/wp\/v2\/pages"}],"about":[{"href":"https:\/\/www.royalbursa.com\/fr\/wp-json\/wp\/v2\/types\/page"}],"author":[{"embeddable":true,"href":"https:\/\/www.royalbursa.com\/fr\/wp-json\/wp\/v2\/users\/1"}],"replies":[{"embeddable":true,"href":"https:\/\/www.royalbursa.com\/fr\/wp-json\/wp\/v2\/comments?post=745"}],"version-history":[{"count":17,"href":"https:\/\/www.royalbursa.com\/fr\/wp-json\/wp\/v2\/pages\/745\/revisions"}],"predecessor-version":[{"id":8475,"href":"https:\/\/www.royalbursa.com\/fr\/wp-json\/wp\/v2\/pages\/745\/revisions\/8475"}],"wp:attachment":[{"href":"https:\/\/www.royalbursa.com\/fr\/wp-json\/wp\/v2\/media?parent=745"}],"curies":[{"name":"wp","href":"https:\/\/api.w.org\/{rel}","templated":true}]}}